{"id":49,"date":"2025-09-08T12:31:05","date_gmt":"2025-09-08T12:31:05","guid":{"rendered":"https:\/\/oliveiradosbrejinhos.com.br\/carlosdourado\/front_page\/"},"modified":"2025-09-15T00:35:38","modified_gmt":"2025-09-15T00:35:38","slug":"front_page","status":"publish","type":"page","link":"https:\/\/oliveiradosbrejinhos.com.br\/carlosdourado\/front_page\/","title":{"rendered":"P\u00e1gina Inicial"},"content":{"rendered":"<p><span style=\"font-size: 14pt;\">\r\n\r\n\r\n\r\n\r\n\r\n<\/span><\/p>\r\n<h3><span style=\"font-size: 14pt;\"><strong>Excel\u00eancia<\/strong><\/span><\/h3>\r\n<p><span style=\"font-size: 14pt;\">\r\n\r\n\r\n\r\n<\/span><\/p>\r\n<p><span style=\"font-size: 14pt;\">Oferecemos uma educa\u00e7\u00e3o de excel\u00eancia para nossos estudantes.<\/span><\/p>\r\n<p><span style=\"font-size: 14pt;\">\r\n\r\n<\/span><\/p>\r\n<p><span style=\"font-size: 14pt;\">Nossa escola privada possui um ensino diferenciado, preparando os alunos para um futuro promissor.<\/span><\/p>\r\n<p><span style=\"font-size: 14pt;\">\r\n\r\n\r\n\r\n<\/span><\/p>\r\n<hr \/>\r\n<h3><span style=\"font-size: 14pt;\"><strong>Conhe\u00e7a Nossos servi\u00e7os<\/strong><\/span><\/h3>\r\n<p><span style=\"font-size: 14pt;\">\r\n\r\n\r\n\r\n\r\n\r\n\r\n\r\n\r\n\r\n\r\n\r\n\r\n\r\n\r\n\r\n<\/span><\/p>\r\n<p><span style=\"font-size: 14pt;\">Conhe\u00e7a os cursos e atividades que oferecemos.<\/span><\/p>\r\n<p><span style=\"font-size: 14pt;\">\r\n\r\n\r\n\r\n\r\n\r\n\r\n\r\n<\/span><\/p>\r\n<h3><span style=\"font-size: 14pt;\"><strong>Educa\u00e7\u00e3o de qualidade<\/strong><\/span><\/h3>\r\n<p><span style=\"font-size: 14pt;\">\r\n\r\n<\/span><\/p>\r\n<p><span style=\"font-size: 14pt;\">Oferecemos uma educa\u00e7\u00e3o de qualidade, com professores experientes e metodologias modernas.<\/span><\/p>\r\n<p><span style=\"font-size: 14pt;\">\r\n\r\n\r\n\r\n<\/span><\/p>\r\n<h3><span style=\"font-size: 14pt;\"><strong>Biblioteca completa<\/strong><\/span><\/h3>\r\n<p><span style=\"font-size: 14pt;\">\r\n\r\n\r\n\r\n\r\n\r\n\r\n\r\n<\/span><\/p>\r\n<p><span style=\"font-size: 14pt;\">Nossa biblioteca est\u00e1 repleta de livros e recursos para enriquecer o aprendizado de nossos alunos.<\/span><\/p>\r\n<p><span style=\"font-size: 14pt;\">\r\n\r\n\r\n\r\n\r\n\r\n\r\n\r\n\r\n\r\n<\/span><\/p>\r\n<h3><span style=\"font-size: 14pt;\"><strong>Tecnologia e inova\u00e7\u00e3o<\/strong><\/span><\/h3>\r\n<p><span style=\"font-size: 14pt;\">\r\n\r\n<\/span><\/p>\r\n<p><span style=\"font-size: 14pt;\">Estamos sempre buscando incorporar novas tecnologias e m\u00e9todos inovadores em nosso ensino.<\/span><\/p>\r\n<p><span style=\"font-size: 14pt;\">\r\n\r\n\r\n\r\n<\/span><\/p>\r\n<hr \/>\r\n<p><span style=\"font-size: 14pt;\">\r\n\r\n\r\n\r\n\r\n\r\n\r\n\r\n\r\n\r\n<\/span><\/p>\r\n<h3><span style=\"font-size: 14pt;\"><strong>Tend\u00eancias Educacionais<\/strong><\/span><\/h3>\r\n<p><span style=\"font-size: 14pt;\">\r\n\r\n\r\n\r\n<\/span><\/p>\r\n<p><span style=\"font-size: 14pt;\">Fique atualizado sobre as \u00faltimas tend\u00eancias educacionais em escolas privadas.<\/span><\/p>\r\n<p><span style=\"font-size: 14pt;\">\r\n\r\n<\/span><\/p>\r\n<p><span style=\"font-size: 14pt;\">Carlos Dourado tem como miss\u00e3o oferecer a melhor educa\u00e7\u00e3o de acordo com as tend\u00eancias atuais, preparando nossos alunos para o sucesso.<\/span><\/p>\r\n<p><span style=\"font-size: 14pt;\">\r\n\r\n\r\n\r\n\r\n\r\n\r\n\r\n\r\n\r\n\r\n\r\n<\/span><\/p>\r\n<h3><span style=\"font-size: 14pt;\"><strong>Valores e Princ\u00edpios<\/strong><\/span><\/h3>\r\n<p><span style=\"font-size: 14pt;\">\r\n\r\n\r\n\r\n<\/span><\/p>\r\n<p><span style=\"font-size: 14pt;\">Nossos servi\u00e7os tem como base valores s\u00f3lidos e princ\u00edpios \u00e9ticos, sempre buscando o melhor para nossos alunos.<\/span><\/p>\r\n<p><span style=\"font-size: 14pt;\">\r\n\r\n<\/span><\/p>\r\n<p><span style=\"font-size: 14pt;\">Acreditamos que a educa\u00e7\u00e3o \u00e9 a chave para um futuro melhor e trabalhamos com dedica\u00e7\u00e3o para oferecer um ensino de qualidade, incentivando o desenvolvimento integral de cada aluno.<\/span><\/p>\r\n<p><span style=\"font-size: 14pt;\">\r\n\r\n\r\n\r\n\r\n\r\n\r\n\r\n\r\n\r\n\r\n\r\n\r\n\r\n<\/span><\/p>\r\n<h3><span style=\"font-size: 14pt;\">Porque nos escolher<\/span><\/h3>\r\n<p><span style=\"font-size: 14pt;\">\r\n\r\n\r\n\r\n<\/span><\/p>\r\n<p><span style=\"font-size: 14pt;\"><strong>Somos a melhor escolha para sua educa\u00e7\u00e3o.<\/strong><\/span><\/p>\r\n<p><span style=\"font-size: 14pt;\">\r\n\r\n\r\n\r\n\r\n\r\n\r\n\r\n\r\n\r\n\r\n\r\n<\/span><\/p>\r\n<p><span style=\"font-size: 14pt;\">Ensino de qualidade<\/span><\/p>\r\n<p><span style=\"font-size: 14pt;\">\r\n\r\n<\/span><\/p>\r\n<p><span style=\"font-size: 14pt;\">Oferecemos uma educa\u00e7\u00e3o de excel\u00eancia, com professores altamente qualificados e recursos modernos.<\/span><\/p>\r\n<p><span style=\"font-size: 14pt;\">\r\n\r\n\r\n\r\n\r\n\r\n\r\n\r\n<\/span><\/p>\r\n<hr \/>\r\n<p><span style=\"font-size: 14pt;\">\r\n\r\n\r\n\r\n\r\n\r\n<\/span><\/p>\r\n<h3><span style=\"font-size: 14pt;\"><strong>Aprendizado integral<\/strong><\/span><\/h3>\r\n<p><span style=\"font-size: 14pt;\">\r\n\r\n<\/span><\/p>\r\n<p><span style=\"font-size: 14pt;\">Al\u00e9m dos assuntos tradicionais, oferecemos atividades extracurriculares que estimulam o aprendizado de forma integral.<\/span><\/p>\r\n<p><span style=\"font-size: 14pt;\">\r\n\r\n\r\n\r\n\r\n\r\n\r\n\r\n\r\n\r\n\r\n\r\n\r\n\r\n<\/span><\/p>\r\n<h3><span style=\"font-size: 14pt;\"><strong>Ambiente Familiar<\/strong><\/span><\/h3>\r\n<p><span style=\"font-size: 14pt;\">\r\n\r\n\r\n\r\n\r\n\r\n\r\n\r\n\r\n\r\n\r\n\r\n\r\n\r\n<!-- \/wp:post-content --><\/span><\/p>","protected":false},"excerpt":{"rendered":"","protected":false},"author":1,"featured_media":0,"parent":0,"menu_order":0,"comment_status":"closed","ping_status":"closed","template":"","meta":{"footnotes":""},"class_list":["post-49","page","type-page","status-publish","hentry"],"_links":{"self":[{"href":"https:\/\/oliveiradosbrejinhos.com.br\/carlosdourado\/wp-json\/wp\/v2\/pages\/49","targetHints":{"allow":["GET"]}}],"collection":[{"href":"https:\/\/oliveiradosbrejinhos.com.br\/carlosdourado\/wp-json\/wp\/v2\/pages"}],"about":[{"href":"https:\/\/oliveiradosbrejinhos.com.br\/carlosdourado\/wp-json\/wp\/v2\/types\/page"}],"author":[{"embeddable":true,"href":"https:\/\/oliveiradosbrejinhos.com.br\/carlosdourado\/wp-json\/wp\/v2\/users\/1"}],"replies":[{"embeddable":true,"href":"https:\/\/oliveiradosbrejinhos.com.br\/carlosdourado\/wp-json\/wp\/v2\/comments?post=49"}],"version-history":[{"count":6,"href":"https:\/\/oliveiradosbrejinhos.com.br\/carlosdourado\/wp-json\/wp\/v2\/pages\/49\/revisions"}],"predecessor-version":[{"id":162,"href":"https:\/\/oliveiradosbrejinhos.com.br\/carlosdourado\/wp-json\/wp\/v2\/pages\/49\/revisions\/162"}],"wp:attachment":[{"href":"https:\/\/oliveiradosbrejinhos.com.br\/carlosdourado\/wp-json\/wp\/v2\/media?parent=49"}],"curies":[{"name":"wp","href":"https:\/\/api.w.org\/{rel}","templated":true}]}}