{"id":216,"date":"2024-12-15T14:45:55","date_gmt":"2024-12-15T14:45:55","guid":{"rendered":"https:\/\/oliveiradosbrejinhos.com.br\/cetit\/?page_id=216"},"modified":"2025-12-19T00:38:23","modified_gmt":"2025-12-19T00:38:23","slug":"nossa-meta","status":"publish","type":"page","link":"https:\/\/oliveiradosbrejinhos.com.br\/cetit\/nossa-meta\/","title":{"rendered":"Nossa meta"},"content":{"rendered":"<section class=\"zoom-social-icons-shortcode\">\n\t\t\n<ul class=\"zoom-social-icons-list zoom-social-icons-list--with-canvas zoom-social-icons-list--round zoom-social-icons-list--no-labels\">\n\n\t\t\n\t\t\t\t<li class=\"zoom-social_icons-list__item\">\n\t\t<a class=\"zoom-social_icons-list__link\" href=\"https:\/\/www.facebook.com\/carlos.dourado.1610092\" target=\"_blank\" title=\"Facebook\" >\n\t\t\t\t\t\t\t\t\t\n\t\t\t\t\t\t<span class=\"screen-reader-text\">facebook<\/span>\n\t\t\t\n\t\t\t\t\t\t<span class=\"zoom-social_icons-list-span social-icon socicon socicon-facebook\" data-hover-rule=\"background-color\" data-hover-color=\"#0866FF\" style=\"background-color : #0866FF; font-size: 18px; padding:8px\" ><\/span>\n\t\t\t\n\t\t\t\t\t<\/a>\n\t<\/li>\n\n\t\n\t\t\t\t<li class=\"zoom-social_icons-list__item\">\n\t\t<a class=\"zoom-social_icons-list__link\" href=\"https:\/\/x.com\/brejinhosnet\" target=\"_blank\" title=\"X\" >\n\t\t\t\t\t\t\t\t\t\n\t\t\t\t\t\t<span class=\"screen-reader-text\">x<\/span>\n\t\t\t\n\t\t\t\t\t\t<span class=\"zoom-social_icons-list-span social-icon socicon socicon-x\" data-hover-rule=\"background-color\" data-hover-color=\"#000\" style=\"background-color : #000; font-size: 18px; padding:8px\" ><\/span>\n\t\t\t\n\t\t\t\t\t<\/a>\n\t<\/li>\n\n\t\n\t\t\t\t<li class=\"zoom-social_icons-list__item\">\n\t\t<a class=\"zoom-social_icons-list__link\" href=\"https:\/\/www.instagram.com\/cetitoficialob\/\" target=\"_blank\" title=\"Instagram\" >\n\t\t\t\t\t\t\t\t\t\n\t\t\t\t\t\t<span class=\"screen-reader-text\">instagram<\/span>\n\t\t\t\n\t\t\t\t\t\t<span class=\"zoom-social_icons-list-span social-icon socicon socicon-instagram\" data-hover-rule=\"background-color\" data-hover-color=\"#e4405f\" style=\"background-color : #e4405f; font-size: 18px; padding:8px\" ><\/span>\n\t\t\t\n\t\t\t\t\t<\/a>\n\t<\/li>\n\n\t\n\t\t\t\t<li class=\"zoom-social_icons-list__item\">\n\t\t<a class=\"zoom-social_icons-list__link\" href=\"https:\/\/www.youtube.com\/@ingazeiratech2553\/videos\" target=\"_blank\" title=\"YouTube\" >\n\t\t\t\t\t\t\t\t\t\n\t\t\t\t\t\t<span class=\"screen-reader-text\">youtube<\/span>\n\t\t\t\n\t\t\t\t\t\t<span class=\"zoom-social_icons-list-span social-icon socicon socicon-youtube\" data-hover-rule=\"background-color\" data-hover-color=\"#e02a20\" style=\"background-color : #e02a20; font-size: 18px; padding:8px\" ><\/span>\n\t\t\t\n\t\t\t\t\t<\/a>\n\t<\/li>\n\n\t\n<\/ul>\n\n\t\t<\/section>\n<hr>\n<p>Elevar o padr\u00e3o de qualidade do ensino no munic\u00edpio de Oliveira dos Brejinhos e regi\u00e3o, atrav\u00e9s de pr\u00e1ticas que transformem comportamentos.<\/p>\n","protected":false},"excerpt":{"rendered":"<p>Elevar o padr\u00e3o de qualidade do ensino no munic\u00edpio de Oliveira dos Brejinhos e regi\u00e3o, atrav\u00e9s de pr\u00e1ticas que transformem comportamentos.<\/p>\n","protected":false},"author":1,"featured_media":605,"parent":0,"menu_order":0,"comment_status":"closed","ping_status":"closed","template":"","meta":{"ngg_post_thumbnail":0,"footnotes":""},"categories":[22],"class_list":["post-216","page","type-page","status-publish","has-post-thumbnail","hentry","category-institucional"],"_links":{"self":[{"href":"https:\/\/oliveiradosbrejinhos.com.br\/cetit\/wp-json\/wp\/v2\/pages\/216","targetHints":{"allow":["GET"]}}],"collection":[{"href":"https:\/\/oliveiradosbrejinhos.com.br\/cetit\/wp-json\/wp\/v2\/pages"}],"about":[{"href":"https:\/\/oliveiradosbrejinhos.com.br\/cetit\/wp-json\/wp\/v2\/types\/page"}],"author":[{"embeddable":true,"href":"https:\/\/oliveiradosbrejinhos.com.br\/cetit\/wp-json\/wp\/v2\/users\/1"}],"replies":[{"embeddable":true,"href":"https:\/\/oliveiradosbrejinhos.com.br\/cetit\/wp-json\/wp\/v2\/comments?post=216"}],"version-history":[{"count":2,"href":"https:\/\/oliveiradosbrejinhos.com.br\/cetit\/wp-json\/wp\/v2\/pages\/216\/revisions"}],"predecessor-version":[{"id":318,"href":"https:\/\/oliveiradosbrejinhos.com.br\/cetit\/wp-json\/wp\/v2\/pages\/216\/revisions\/318"}],"wp:featuredmedia":[{"embeddable":true,"href":"https:\/\/oliveiradosbrejinhos.com.br\/cetit\/wp-json\/wp\/v2\/media\/605"}],"wp:attachment":[{"href":"https:\/\/oliveiradosbrejinhos.com.br\/cetit\/wp-json\/wp\/v2\/media?parent=216"}],"wp:term":[{"taxonomy":"category","embeddable":true,"href":"https:\/\/oliveiradosbrejinhos.com.br\/cetit\/wp-json\/wp\/v2\/categories?post=216"}],"curies":[{"name":"wp","href":"https:\/\/api.w.org\/{rel}","templated":true}]}}